{"id":285,"date":"2024-08-09T17:51:45","date_gmt":"2024-08-09T20:51:45","guid":{"rendered":"https:\/\/agenciatruly.com\/?page_id=285"},"modified":"2025-09-20T13:32:36","modified_gmt":"2025-09-20T16:32:36","slug":"politica-de-privacidade","status":"publish","type":"page","link":"https:\/\/agenciatruly.com\/es\/politica-de-privacidade\/","title":{"rendered":"Pol\u00edtica de Privacidad"},"content":{"rendered":"<h1>Pol\u00edtica de Privacidad<\/h1>\n<p>A sua privacidade \u00e9 importante para n\u00f3s. \u00c9 pol\u00edtica do site da Ag\u00eancia Truly (<a href=\"https:\/\/agenciatruly.com\/es\/\">https:\/\/agenciatruly.com\/<\/a>) respeitar a sua privacidade em rela\u00e7\u00e3o a qualquer informa\u00e7\u00e3o sua que possamos coletar no site Ag\u00eancia Truly, e outros sites que possu\u00edmos e operamos.<\/p>\n<p>Trabalhamos com base na Lei de Prote\u00e7\u00e3o de Dados (13.709\/2018) que traz garantias de privacidade, confidencialidade, reten\u00e7\u00e3o, prote\u00e7\u00e3o aos direitos fundamentais de liberdade e o livre desenvolvimento da personalidade da pessoa. Al\u00e9m disso, respeitamos a Constitui\u00e7\u00e3o Federal da Rep\u00fablica Federativa do Brasil, o C\u00f3digo de Defesa do Consumidor (Lei 8.078\/90), Marco Civil da Internet (Lei 12.965\/14).<\/p>\n<p>Solicitamos informa\u00e7\u00f5es pessoais apenas quando realmente precisamos delas para lhe fornecer um servi\u00e7o. Fazemo-lo por meios justos e legais, com o seu conhecimento e consentimento. Tamb\u00e9m informamos por que estamos coletando e como ser\u00e1 usado.<\/p>\n<p>Deixamos claro o motivo que estamos coletando e como ser\u00e1 usado, pois tudo \u00e9 feito para correta administra\u00e7\u00e3o geral.<\/p>\n<p>Apenas retemos as informa\u00e7\u00f5es coletadas pelo tempo necess\u00e1rio para fornecer o servi\u00e7o solicitado. Quando armazenamos dados, protegemos dentro de meios comercialmente aceit\u00e1veis pela legisla\u00e7\u00e3o atual para evitar perdas e roubos, bem como acesso, divulga\u00e7\u00e3o, c\u00f3pia, uso ou modifica\u00e7\u00e3o n\u00e3o autorizados.<\/p>\n<p>N\u00e3o compartilhamos informa\u00e7\u00f5es de identifica\u00e7\u00e3o pessoal publicamente ou com terceiros, exceto por determina\u00e7\u00e3o judicial.<\/p>\n<p>O nosso site pode ter links para sites externos que n\u00e3o s\u00e3o operados por n\u00f3s. Diante disto, n\u00e3o nos responsabilizamos por danos de terceiros. Esteja ciente de que n\u00e3o temos controle sobre o conte\u00fado e pr\u00e1ticas de sites de terceiros e n\u00e3o podemos aceitar responsabilidade por suas respectivas pol\u00edticas de privacidade.<\/p>\n<p>Na qualidade de consumidor, voc\u00ea \u00e9 livre para recusar a nossa solicita\u00e7\u00e3o de informa\u00e7\u00f5es pessoais, entendendo que talvez n\u00e3o possamos fornecer alguns dos servi\u00e7os desejados.<\/p>\n<p>O uso continuado de nosso site ser\u00e1 considerado como aceita\u00e7\u00e3o de nossas pr\u00e1ticas em torno de privacidade e informa\u00e7\u00f5es pessoais. Se voc\u00ea tiver alguma d\u00favida sobre como lidamos com dados do usu\u00e1rio e informa\u00e7\u00f5es pessoais, entre em contato conosco atrav\u00e9s do e-mail <a href=\"mailto:faleconosco@agenciatruly.com\" target=\"_blank\" rel=\"noopener\">faleconosco@agenciatruly.com<\/a>.<\/p>\n<p>Nossa pol\u00edtica \u00e9 atualizada de forma constante.<\/p>\n<p>Fica, desde j\u00e1, o titular de dados ciente que o conte\u00fado desta Pol\u00edtica de Privacidade pode ser alterado a crit\u00e9rio do site Ag\u00eancia Truly, independente de aviso ou notifica\u00e7\u00e3o. Em caso de altera\u00e7\u00e3o, as modifica\u00e7\u00f5es produzem todos os efeitos a partir do momento da disponibiliza\u00e7\u00e3o no site.<\/p>\n<p>O site Ag\u00eancia Truly n\u00e3o se responsabiliza caso voc\u00ea venha utilizar seus dados de forma incorreta ou inver\u00eddica, ficando exclu\u00eddo de qualquer responsabilidade neste sentido.<\/p>\n<h2><strong>Pol\u00edtica de Cookies<\/strong><\/h2>\n<h3>O que s\u00e3o cookies?<\/h3>\n<p>Como \u00e9 pr\u00e1tica comum em quase todos os sites profissionais, este site usa cookies, que s\u00e3o pequenos arquivos baixados no seu computador, para melhorar sua experi\u00eancia. Esta p\u00e1gina descreve quais informa\u00e7\u00f5es eles coletam, como as usamos e por que \u00e0s vezes precisamos armazenar esses cookies. Tamb\u00e9m compartilharemos como voc\u00ea pode impedir que esses cookies sejam armazenados, no entanto, isso pode fazer o downgrade ou &#8216;quebrar&#8217; certos elementos da funcionalidade do site.<\/p>\n<h3>Como usamos os cookies?<\/h3>\n<p>Utilizamos cookies por v\u00e1rios motivos, detalhados abaixo. Infelizmente, na maioria dos casos, n\u00e3o existem op\u00e7\u00f5es padr\u00e3o do setor para desativar os cookies sem desativar completamente a funcionalidade e os recursos que eles adicionam a este site. \u00c9 recomend\u00e1vel que voc\u00ea deixe todos os cookies se n\u00e3o tiver certeza se precisa ou n\u00e3o deles, caso sejam usados para fornecer um servi\u00e7o que voc\u00ea usa.<\/p>\n<h3>Desativar cookies<\/h3>\n<p>Voc\u00ea pode impedir a configura\u00e7\u00e3o de cookies ajustando as configura\u00e7\u00f5es do seu navegador (consulte a Ajuda do navegador para saber como fazer isso). Esteja ciente de que a desativa\u00e7\u00e3o de cookies afetar\u00e1 a funcionalidade deste e de muitos outros sites que voc\u00ea visita. A desativa\u00e7\u00e3o de cookies geralmente resultar\u00e1 na desativa\u00e7\u00e3o de determinadas funcionalidades e recursos deste site. Portanto, \u00e9 recomend\u00e1vel que voc\u00ea n\u00e3o desative os cookies.<\/p>\n<h2><strong>Cookies que definimos<\/strong><\/h2>\n<h3>Cookies relacionados a boletins por e-mail<\/h3>\n<p>Este site oferece servi\u00e7os de assinatura de boletim informativo ou e-mail e os cookies podem ser usados para lembrar se voc\u00ea j\u00e1 est\u00e1 registrado e se deve mostrar determinadas notifica\u00e7\u00f5es v\u00e1lidas apenas para usu\u00e1rios inscritos \/ n\u00e3o inscritos.<\/p>\n<h3>Cookies relacionados a pesquisas<\/h3>\n<p>Periodicamente, oferecemos pesquisas e question\u00e1rios para fornecer informa\u00e7\u00f5es interessantes, ferramentas \u00fateis ou para entender nossa base de usu\u00e1rios com mais precis\u00e3o. Essas pesquisas podem usar cookies para lembrar quem j\u00e1 participou numa pesquisa ou para fornecer resultados precisos ap\u00f3s a altera\u00e7\u00e3o das p\u00e1ginas.<\/p>\n<h3>Cookies relacionados a formul\u00e1rios<\/h3>\n<p>Quando voc\u00ea envia dados por meio de um formul\u00e1rio como os encontrados nas p\u00e1ginas de contato ou nos formul\u00e1rios de coment\u00e1rios, os cookies podem ser configurados para lembrar os detalhes do usu\u00e1rio para correspond\u00eancia futura.<\/p>\n<h3>Cookies de prefer\u00eancias do site<\/h3>\n<p>Para proporcionar uma \u00f3tima experi\u00eancia neste site, fornecemos a funcionalidade para definir suas prefer\u00eancias de como esse site \u00e9 executado quando voc\u00ea o usa. Para lembrar suas prefer\u00eancias, precisamos definir cookies para que essas informa\u00e7\u00f5es possam ser chamadas sempre que voc\u00ea interagir com uma p\u00e1gina que for afetada por suas prefer\u00eancias.<\/p>\n<h3>Cookies de Terceiros<\/h3>\n<p>Em alguns casos especiais, tamb\u00e9m usamos cookies fornecidos por terceiros confi\u00e1veis. A se\u00e7\u00e3o a seguir detalha quais cookies de terceiros voc\u00ea pode encontrar atrav\u00e9s deste site.<\/p>\n<p>Este site usa o Google Analytics, que \u00e9 uma das solu\u00e7\u00f5es de an\u00e1lise mais difundidas e confi\u00e1veis da Web, para nos ajudar a entender como voc\u00ea usa o site e como podemos melhorar sua experi\u00eancia. Esses cookies podem rastrear itens como quanto tempo voc\u00ea gasta no site e as p\u00e1ginas visitadas, para que possamos continuar produzindo conte\u00fado atraente.<\/p>\n<p>Para mais informa\u00e7\u00f5es sobre cookies do Google Analytics, consulte a p\u00e1gina oficial do Google Analytics.<\/p>\n<p>As an\u00e1lises de terceiros s\u00e3o usadas para rastrear e medir o uso deste site, para que possamos continuar produzindo conte\u00fado atrativo. Esses cookies podem rastrear itens como o tempo que voc\u00ea passa no site ou as p\u00e1ginas visitadas, o que nos ajuda a entender como podemos melhorar o site para voc\u00ea.<\/p>\n<p>Periodicamente, testamos novos recursos e fazemos altera\u00e7\u00f5es sutis na maneira como o site se apresenta. Quando ainda estamos testando novos recursos, esses cookies podem ser usados para garantir que voc\u00ea receba uma experi\u00eancia consistente enquanto estiver no site, enquanto entendemos quais otimiza\u00e7\u00f5es os nossos usu\u00e1rios mais apreciam.<\/p>\n<h2><strong>Compromisso do Usu\u00e1rio<\/strong><\/h2>\n<p>O usu\u00e1rio se compromete a fazer uso adequado dos conte\u00fados e da informa\u00e7\u00e3o que o site Ag\u00eancia Truly oferece e com car\u00e1ter enunciativo, mas n\u00e3o limitativo:<\/p>\n<p>A) N\u00e3o se envolver em atividades que sejam ilegais ou contr\u00e1rias \u00e0 boa f\u00e9 e \u00e0 ordem p\u00fablica;<br \/>\nB) Respeito a todas as legisla\u00e7\u00f5es nacionais ou internacionais em que o Brasil \u00e9 signat\u00e1rio;<br \/>\nC) N\u00e3o difundir propaganda ou conte\u00fado de natureza racista, xenof\u00f3bica, de casas de apostas, jogos de sorte e azar, qualquer tipo de pornografia ilegal, de apologia ao terrorismo ou contra os direitos humanos;<br \/>\nD) N\u00e3o causar danos aos sistemas f\u00edsicos (hardwares) e l\u00f3gicos (softwares) do site Ag\u00eancia Truly, de seus fornecedores ou terceiros, para introduzir ou disseminar v\u00edrus inform\u00e1ticos ou quaisquer outros sistemas de hardware ou software que sejam capazes de causar danos anteriormente mencionados;<br \/>\nE) Os conte\u00fados publicados possuem direitos autorais e de propriedade intelectual reservados, conforme estabelece a Lei de Direitos Autorais n. 9.610, de 19.2.1998 do Governo Federal Brasileiro e correlatas. Quaisquer infring\u00eancias ser\u00e3o comunicadas \u00e0s autoridades competentes.<\/p>\n<h2><strong>Direitos do titular de dados<\/strong><\/h2>\n<p>O titular de dados pessoais possui o direito de solicitar do site Ag\u00eancia Truly, atrav\u00e9s do canal espec\u00edfico de tratamento, a qualquer momento, mediante requisi\u00e7\u00e3o formal, informa\u00e7\u00f5es referentes aos seus dados.<\/p>\n<p>Os pedidos ser\u00e3o analisados conforme previsto em legisla\u00e7\u00e3o vigente dentro de um prazo de 72 horas, salvo determina\u00e7\u00e3o legal e\/ou objeto de lei.<\/p>\n<p>Os titulares de dados, segundo o texto da LGPD, podem exercer os seus direitos por meio de:<\/p>\n<ul>\n<li>Confirma\u00e7\u00e3o da exist\u00eancia de tratamento;<\/li>\n<li>Acesso aos seus dados pessoais;<\/li>\n<li>Corre\u00e7\u00e3o de dados incompletos, inexatos ou desatualizados;<\/li>\n<li>Anonimiza\u00e7\u00e3o, bloqueio ou elimina\u00e7\u00e3o de dados desnecess\u00e1rios, excessivos ou tratados em desconformidade com o disposto nesta Lei;<\/li>\n<li>Portabilidade dos dados a outro fornecedor de servi\u00e7o ou produto, mediante requisi\u00e7\u00e3o expressa, de acordo com a regulamenta\u00e7\u00e3o da autoridade nacional, observados os segredos comercial e industrial;<\/li>\n<li>Elimina\u00e7\u00e3o dos dados pessoais tratados com o consentimento do titular;<\/li>\n<li>Informa\u00e7\u00e3o das entidades p\u00fablicas e privadas com as quais o controlador realizou uso compartilhado de dados;<\/li>\n<li>Informa\u00e7\u00e3o sobre a possibilidade de n\u00e3o fornecer consentimento e sobre as consequ\u00eancias da negativa;<\/li>\n<li>Revoga\u00e7\u00e3o do consentimento.<\/li>\n<\/ul>\n<p>Como exercer os seus direitos de titular de dados?<\/p>\n<ul>\n<li>Para alterar seus dados pessoais acesse a op\u00e7\u00e3o &#8220;agenciatruly&#8221;;<\/li>\n<li>Se n\u00e3o quiser receber nossas comunica\u00e7\u00f5es de marketing, pode cancelar os pr\u00f3ximos envios clicando no link enviado junto ao e-mail de marketing;<\/li>\n<li>Para mudar suas prefer\u00eancias em rela\u00e7\u00e3o \u00e0s notifica\u00e7\u00f5es (incluindo as comunica\u00e7\u00f5es de marketing) acesse a op\u00e7\u00e3o &#8220;agenciatruly&#8221;;<\/li>\n<li>Para as demais solicita\u00e7\u00f5es em rela\u00e7\u00e3o aos direitos do titular de dados pessoais, entre em contato conosco atrav\u00e9s do e-mail <a href=\"mailto:faleconosco@agenciatruly.com\" target=\"_blank\" rel=\"noopener\">faleconosco@agenciatruly.com<\/a>;<\/li>\n<\/ul>\n<p>&nbsp;<\/p>\n<h2><strong>Mais informa\u00e7\u00f5es<\/strong><\/h2>\n<p>Esperamos que esteja esclarecido e, como mencionado anteriormente, se houver algo que voc\u00ea n\u00e3o tem certeza se precisa ou n\u00e3o, geralmente \u00e9 mais seguro deixar os cookies ativados, caso interaja com um dos recursos que voc\u00ea usa em nosso site.<\/p>\n<p>O site Ag\u00eancia Truly empregar\u00e1 esfor\u00e7os para resguardar as informa\u00e7\u00f5es e dados coletados do usu\u00e1rio pelo site. Todavia, considerando que n\u00e3o h\u00e1 meio de transmiss\u00e3o e reten\u00e7\u00e3o de dados eletr\u00f4nicos plenamente eficaz e seguro, o site Ag\u00eancia Truly n\u00e3o pode assegurar que terceiros n\u00e3o autorizados n\u00e3o logrem \u00eaxito no acesso indevido, eximindo-se de qualquer responsabilidade por danos e preju\u00edzos decorrentes da conduta de terceiros, ataques externos ao site como: v\u00edrus, invas\u00e3o ao banco de dados, v\u00edcios ou defeitos t\u00e9cnicos, assim como operacionais resultante da utiliza\u00e7\u00e3o do site e em raz\u00e3o de falhas de conex\u00e3o.<\/p>","protected":false},"excerpt":{"rendered":"<p>Pol\u00edtica de Privacidade A sua privacidade \u00e9 importante para n\u00f3s. \u00c9 pol\u00edtica do site da Ag\u00eancia Truly (https:\/\/agenciatruly.com\/) respeitar a sua privacidade em rela\u00e7\u00e3o a qualquer informa\u00e7\u00e3o sua que possamos coletar no site Ag\u00eancia Truly, e outros sites que possu\u00edmos e operamos. Trabalhamos com base na Lei de Prote\u00e7\u00e3o de Dados (13.709\/2018) que traz garantias &#8230;<\/p>","protected":false},"author":2,"featured_media":0,"parent":0,"menu_order":0,"comment_status":"closed","ping_status":"closed","template":"page-policy.php","meta":{"_acf_changed":false,"inline_featured_image":false,"footnotes":""},"class_list":["post-285","page","type-page","status-publish","hentry"],"acf":[],"yoast_head":"<!-- This site is optimized with the Yoast SEO plugin v27.4 - https:\/\/yoast.com\/product\/yoast-seo-wordpress\/ -->\n<title>Pol\u00edtica de Privacidade | Truly Comunica\u00e7\u00e3o<\/title>\n<meta name=\"description\" content=\"Acesse a Pol\u00edtica de Privacidade da Truly Comunica\u00e7\u00e3o e veja como tratamos os seus dados com seguran\u00e7a, clareza e responsabilidade.\" \/>\n<meta name=\"robots\" content=\"index, follow, max-snippet:-1, max-image-preview:large, max-video-preview:-1\" \/>\n<link rel=\"canonical\" href=\"https:\/\/agenciatruly.com\/es\/politica-de-privacidade\/\" \/>\n<meta property=\"og:locale\" content=\"es_ES\" \/>\n<meta property=\"og:type\" content=\"article\" \/>\n<meta property=\"og:title\" content=\"Pol\u00edtica de Privacidade | Truly Comunica\u00e7\u00e3o\" \/>\n<meta property=\"og:description\" content=\"Acesse a Pol\u00edtica de Privacidade da Truly Comunica\u00e7\u00e3o e veja como tratamos os seus dados com seguran\u00e7a, clareza e responsabilidade.\" \/>\n<meta property=\"og:url\" content=\"https:\/\/agenciatruly.com\/es\/politica-de-privacidade\/\" \/>\n<meta property=\"og:site_name\" content=\"Ag\u00eancia Truly\" \/>\n<meta property=\"article:modified_time\" content=\"2025-09-20T16:32:36+00:00\" \/>\n<meta property=\"og:image\" content=\"https:\/\/agenciatruly.com\/wp-content\/uploads\/2025\/09\/yost.png\" \/>\n\t<meta property=\"og:image:width\" content=\"1200\" \/>\n\t<meta property=\"og:image:height\" content=\"628\" \/>\n\t<meta property=\"og:image:type\" content=\"image\/png\" \/>\n<meta name=\"twitter:card\" content=\"summary_large_image\" \/>\n<meta name=\"twitter:label1\" content=\"Tiempo de lectura\" \/>\n\t<meta name=\"twitter:data1\" content=\"9 minutos\" \/>\n<script type=\"application\/ld+json\" class=\"yoast-schema-graph\">{\"@context\":\"https:\\\/\\\/schema.org\",\"@graph\":[{\"@type\":\"WebPage\",\"@id\":\"https:\\\/\\\/agenciatruly.com\\\/politica-de-privacidade\\\/\",\"url\":\"https:\\\/\\\/agenciatruly.com\\\/politica-de-privacidade\\\/\",\"name\":\"Pol\u00edtica de Privacidade | Truly Comunica\u00e7\u00e3o\",\"isPartOf\":{\"@id\":\"https:\\\/\\\/agenciatruly.com\\\/#website\"},\"datePublished\":\"2024-08-09T20:51:45+00:00\",\"dateModified\":\"2025-09-20T16:32:36+00:00\",\"description\":\"Acesse a Pol\u00edtica de Privacidade da Truly Comunica\u00e7\u00e3o e veja como tratamos os seus dados com seguran\u00e7a, clareza e responsabilidade.\",\"breadcrumb\":{\"@id\":\"https:\\\/\\\/agenciatruly.com\\\/politica-de-privacidade\\\/#breadcrumb\"},\"inLanguage\":\"es\",\"potentialAction\":[{\"@type\":\"ReadAction\",\"target\":[\"https:\\\/\\\/agenciatruly.com\\\/politica-de-privacidade\\\/\"]}]},{\"@type\":\"BreadcrumbList\",\"@id\":\"https:\\\/\\\/agenciatruly.com\\\/politica-de-privacidade\\\/#breadcrumb\",\"itemListElement\":[{\"@type\":\"ListItem\",\"position\":1,\"name\":\"In\u00edcio\",\"item\":\"https:\\\/\\\/agenciatruly.com\\\/\"},{\"@type\":\"ListItem\",\"position\":2,\"name\":\"Pol\u00edtica de Privacidade\"}]},{\"@type\":\"WebSite\",\"@id\":\"https:\\\/\\\/agenciatruly.com\\\/#website\",\"url\":\"https:\\\/\\\/agenciatruly.com\\\/\",\"name\":\"Ag\u00eancia de Comunica\u00e7\u00e3o | Truly Comunica\u00e7\u00e3o\",\"description\":\"Ag\u00eancia de Comunica\u00e7\u00e3o Corporativa focada em estrat\u00e9gias criativas e resultados reais. Conhe\u00e7a a Truly Comunica\u00e7\u00e3o e eleve sua marca.\",\"publisher\":{\"@id\":\"https:\\\/\\\/agenciatruly.com\\\/#organization\"},\"potentialAction\":[{\"@type\":\"SearchAction\",\"target\":{\"@type\":\"EntryPoint\",\"urlTemplate\":\"https:\\\/\\\/agenciatruly.com\\\/?s={search_term_string}\"},\"query-input\":{\"@type\":\"PropertyValueSpecification\",\"valueRequired\":true,\"valueName\":\"search_term_string\"}}],\"inLanguage\":\"es\"},{\"@type\":\"Organization\",\"@id\":\"https:\\\/\\\/agenciatruly.com\\\/#organization\",\"name\":\"Ag\u00eancia de Comunica\u00e7\u00e3o | Truly Comunica\u00e7\u00e3o\",\"url\":\"https:\\\/\\\/agenciatruly.com\\\/\",\"logo\":{\"@type\":\"ImageObject\",\"inLanguage\":\"es\",\"@id\":\"https:\\\/\\\/agenciatruly.com\\\/#\\\/schema\\\/logo\\\/image\\\/\",\"url\":\"https:\\\/\\\/agenciatruly.com\\\/wp-content\\\/uploads\\\/2025\\\/07\\\/logo.png\",\"contentUrl\":\"https:\\\/\\\/agenciatruly.com\\\/wp-content\\\/uploads\\\/2025\\\/07\\\/logo.png\",\"width\":225,\"height\":101,\"caption\":\"Ag\u00eancia de Comunica\u00e7\u00e3o | Truly Comunica\u00e7\u00e3o\"},\"image\":{\"@id\":\"https:\\\/\\\/agenciatruly.com\\\/#\\\/schema\\\/logo\\\/image\\\/\"}}]}<\/script>\n<!-- \/ Yoast SEO plugin. -->","yoast_head_json":{"title":"Pol\u00edtica de Privacidade | Truly Comunica\u00e7\u00e3o","description":"Acesse a Pol\u00edtica de Privacidade da Truly Comunica\u00e7\u00e3o e veja como tratamos os seus dados com seguran\u00e7a, clareza e responsabilidade.","robots":{"index":"index","follow":"follow","max-snippet":"max-snippet:-1","max-image-preview":"max-image-preview:large","max-video-preview":"max-video-preview:-1"},"canonical":"https:\/\/agenciatruly.com\/es\/politica-de-privacidade\/","og_locale":"es_ES","og_type":"article","og_title":"Pol\u00edtica de Privacidade | Truly Comunica\u00e7\u00e3o","og_description":"Acesse a Pol\u00edtica de Privacidade da Truly Comunica\u00e7\u00e3o e veja como tratamos os seus dados com seguran\u00e7a, clareza e responsabilidade.","og_url":"https:\/\/agenciatruly.com\/es\/politica-de-privacidade\/","og_site_name":"Ag\u00eancia Truly","article_modified_time":"2025-09-20T16:32:36+00:00","og_image":[{"width":1200,"height":628,"url":"https:\/\/agenciatruly.com\/wp-content\/uploads\/2025\/09\/yost.png","type":"image\/png"}],"twitter_card":"summary_large_image","twitter_misc":{"Tiempo de lectura":"9 minutos"},"schema":{"@context":"https:\/\/schema.org","@graph":[{"@type":"WebPage","@id":"https:\/\/agenciatruly.com\/politica-de-privacidade\/","url":"https:\/\/agenciatruly.com\/politica-de-privacidade\/","name":"Pol\u00edtica de Privacidade | Truly Comunica\u00e7\u00e3o","isPartOf":{"@id":"https:\/\/agenciatruly.com\/#website"},"datePublished":"2024-08-09T20:51:45+00:00","dateModified":"2025-09-20T16:32:36+00:00","description":"Acesse a Pol\u00edtica de Privacidade da Truly Comunica\u00e7\u00e3o e veja como tratamos os seus dados com seguran\u00e7a, clareza e responsabilidade.","breadcrumb":{"@id":"https:\/\/agenciatruly.com\/politica-de-privacidade\/#breadcrumb"},"inLanguage":"es","potentialAction":[{"@type":"ReadAction","target":["https:\/\/agenciatruly.com\/politica-de-privacidade\/"]}]},{"@type":"BreadcrumbList","@id":"https:\/\/agenciatruly.com\/politica-de-privacidade\/#breadcrumb","itemListElement":[{"@type":"ListItem","position":1,"name":"In\u00edcio","item":"https:\/\/agenciatruly.com\/"},{"@type":"ListItem","position":2,"name":"Pol\u00edtica de Privacidade"}]},{"@type":"WebSite","@id":"https:\/\/agenciatruly.com\/#website","url":"https:\/\/agenciatruly.com\/","name":"Ag\u00eancia de Comunica\u00e7\u00e3o | Truly Comunica\u00e7\u00e3o","description":"Ag\u00eancia de Comunica\u00e7\u00e3o Corporativa focada em estrat\u00e9gias criativas e resultados reais. Conhe\u00e7a a Truly Comunica\u00e7\u00e3o e eleve sua marca.","publisher":{"@id":"https:\/\/agenciatruly.com\/#organization"},"potentialAction":[{"@type":"SearchAction","target":{"@type":"EntryPoint","urlTemplate":"https:\/\/agenciatruly.com\/?s={search_term_string}"},"query-input":{"@type":"PropertyValueSpecification","valueRequired":true,"valueName":"search_term_string"}}],"inLanguage":"es"},{"@type":"Organization","@id":"https:\/\/agenciatruly.com\/#organization","name":"Ag\u00eancia de Comunica\u00e7\u00e3o | Truly Comunica\u00e7\u00e3o","url":"https:\/\/agenciatruly.com\/","logo":{"@type":"ImageObject","inLanguage":"es","@id":"https:\/\/agenciatruly.com\/#\/schema\/logo\/image\/","url":"https:\/\/agenciatruly.com\/wp-content\/uploads\/2025\/07\/logo.png","contentUrl":"https:\/\/agenciatruly.com\/wp-content\/uploads\/2025\/07\/logo.png","width":225,"height":101,"caption":"Ag\u00eancia de Comunica\u00e7\u00e3o | Truly Comunica\u00e7\u00e3o"},"image":{"@id":"https:\/\/agenciatruly.com\/#\/schema\/logo\/image\/"}}]}},"_links":{"self":[{"href":"https:\/\/agenciatruly.com\/es\/wp-json\/wp\/v2\/pages\/285","targetHints":{"allow":["GET"]}}],"collection":[{"href":"https:\/\/agenciatruly.com\/es\/wp-json\/wp\/v2\/pages"}],"about":[{"href":"https:\/\/agenciatruly.com\/es\/wp-json\/wp\/v2\/types\/page"}],"author":[{"embeddable":true,"href":"https:\/\/agenciatruly.com\/es\/wp-json\/wp\/v2\/users\/2"}],"replies":[{"embeddable":true,"href":"https:\/\/agenciatruly.com\/es\/wp-json\/wp\/v2\/comments?post=285"}],"version-history":[{"count":0,"href":"https:\/\/agenciatruly.com\/es\/wp-json\/wp\/v2\/pages\/285\/revisions"}],"wp:attachment":[{"href":"https:\/\/agenciatruly.com\/es\/wp-json\/wp\/v2\/media?parent=285"}],"curies":[{"name":"wp","href":"https:\/\/api.w.org\/{rel}","templated":true}]}}